{"id":5058,"date":"2020-01-27T16:42:25","date_gmt":"2020-01-27T22:42:25","guid":{"rendered":"https:\/\/www.casadelquetzal.com\/?page_id=5058"},"modified":"2025-12-01T19:41:40","modified_gmt":"2025-12-02T01:41:40","slug":"family-fun","status":"publish","type":"page","link":"https:\/\/www.casadelquetzal.com\/es\/family-fun\/","title":{"rendered":"Diversi\u00f3n en familia"},"content":{"rendered":"<h2 class=\"wp-block-heading\">La diversi\u00f3n familiar est\u00e1 en todas partes en Casa del Quetzal, en Puerto Vallarta.<\/h2>\n\n\n\n<figure class=\"wp-block-gallery has-nested-images columns-5 is-cropped wp-block-gallery-1 is-layout-flex wp-block-gallery-is-layout-flex\">\n<figure class=\"wp-block-image size-large\"><a href=\"https:\/\/www.casadelquetzal.com\/wp-content\/uploads\/2020\/04\/family-fun-just-dance-scaled.jpg\"><img loading=\"lazy\" decoding=\"async\" width=\"1024\" height=\"768\" data-id=\"5248\" src=\"https:\/\/www.casadelquetzal.com\/wp-content\/uploads\/2020\/04\/family-fun-just-dance-1024x768.jpg\" alt=\"\" class=\"wp-image-5248\" srcset=\"https:\/\/www.casadelquetzal.com\/wp-content\/uploads\/2020\/04\/family-fun-just-dance-1024x768.jpg 1024w, https:\/\/www.casadelquetzal.com\/wp-content\/uploads\/2020\/04\/family-fun-just-dance-300x225.jpg 300w, https:\/\/www.casadelquetzal.com\/wp-content\/uploads\/2020\/04\/family-fun-just-dance-768x576.jpg 768w, https:\/\/www.casadelquetzal.com\/wp-content\/uploads\/2020\/04\/family-fun-just-dance-1536x1152.jpg 1536w, https:\/\/www.casadelquetzal.com\/wp-content\/uploads\/2020\/04\/family-fun-just-dance-2048x1536.jpg 2048w\" sizes=\"auto, (max-width: 1024px) 100vw, 1024px\" \/><\/a><\/figure>\n\n\n\n<figure class=\"wp-block-image size-large\"><a href=\"https:\/\/www.casadelquetzal.com\/wp-content\/uploads\/2013\/07\/Unknown-16.jpeg\"><img loading=\"lazy\" decoding=\"async\" width=\"900\" height=\"600\" data-id=\"4676\" src=\"https:\/\/www.casadelquetzal.com\/wp-content\/uploads\/2013\/07\/Unknown-16.jpeg\" alt=\"\" class=\"wp-image-4676\" srcset=\"https:\/\/www.casadelquetzal.com\/wp-content\/uploads\/2013\/07\/Unknown-16.jpeg 900w, https:\/\/www.casadelquetzal.com\/wp-content\/uploads\/2013\/07\/Unknown-16-300x200.jpeg 300w\" sizes=\"auto, (max-width: 900px) 100vw, 900px\" \/><\/a><\/figure>\n\n\n\n<figure class=\"wp-block-image size-large\"><a href=\"https:\/\/www.casadelquetzal.com\/wp-content\/uploads\/2020\/04\/family-fun-pool-scaled.jpg\"><img loading=\"lazy\" decoding=\"async\" width=\"768\" height=\"1024\" data-id=\"5246\" src=\"https:\/\/www.casadelquetzal.com\/wp-content\/uploads\/2020\/04\/family-fun-pool-768x1024.jpg\" alt=\"\" class=\"wp-image-5246\" srcset=\"https:\/\/www.casadelquetzal.com\/wp-content\/uploads\/2020\/04\/family-fun-pool-768x1024.jpg 768w, https:\/\/www.casadelquetzal.com\/wp-content\/uploads\/2020\/04\/family-fun-pool-225x300.jpg 225w, https:\/\/www.casadelquetzal.com\/wp-content\/uploads\/2020\/04\/family-fun-pool-1152x1536.jpg 1152w, https:\/\/www.casadelquetzal.com\/wp-content\/uploads\/2020\/04\/family-fun-pool-1536x2048.jpg 1536w, https:\/\/www.casadelquetzal.com\/wp-content\/uploads\/2020\/04\/family-fun-pool-scaled.jpg 1920w\" sizes=\"auto, (max-width: 768px) 100vw, 768px\" \/><\/a><\/figure>\n\n\n\n<figure class=\"wp-block-image size-large\"><a href=\"https:\/\/www.casadelquetzal.com\/wp-content\/uploads\/2013\/07\/Unknown-22.jpeg\"><img loading=\"lazy\" decoding=\"async\" width=\"900\" height=\"600\" data-id=\"4677\" src=\"https:\/\/www.casadelquetzal.com\/wp-content\/uploads\/2013\/07\/Unknown-22.jpeg\" alt=\"\" class=\"wp-image-4677\" srcset=\"https:\/\/www.casadelquetzal.com\/wp-content\/uploads\/2013\/07\/Unknown-22.jpeg 900w, https:\/\/www.casadelquetzal.com\/wp-content\/uploads\/2013\/07\/Unknown-22-300x200.jpeg 300w\" sizes=\"auto, (max-width: 900px) 100vw, 900px\" \/><\/a><\/figure>\n\n\n\n<figure class=\"wp-block-image size-large\"><a href=\"https:\/\/www.casadelquetzal.com\/wp-content\/uploads\/2020\/04\/family-fun-sunset-scaled.jpg\"><img loading=\"lazy\" decoding=\"async\" width=\"768\" height=\"1024\" data-id=\"5244\" src=\"https:\/\/www.casadelquetzal.com\/wp-content\/uploads\/2020\/04\/family-fun-sunset-768x1024.jpg\" alt=\"\" class=\"wp-image-5244\" srcset=\"https:\/\/www.casadelquetzal.com\/wp-content\/uploads\/2020\/04\/family-fun-sunset-768x1024.jpg 768w, https:\/\/www.casadelquetzal.com\/wp-content\/uploads\/2020\/04\/family-fun-sunset-225x300.jpg 225w, https:\/\/www.casadelquetzal.com\/wp-content\/uploads\/2020\/04\/family-fun-sunset-1152x1536.jpg 1152w, https:\/\/www.casadelquetzal.com\/wp-content\/uploads\/2020\/04\/family-fun-sunset-1536x2048.jpg 1536w, https:\/\/www.casadelquetzal.com\/wp-content\/uploads\/2020\/04\/family-fun-sunset-scaled.jpg 1920w\" sizes=\"auto, (max-width: 768px) 100vw, 768px\" \/><\/a><\/figure>\n<\/figure>\n\n\n\n<div style=\"height:25px\" aria-hidden=\"true\" class=\"wp-block-spacer\"><\/div>\n\n\n\n<p>Casa del Quetzal fue dise\u00f1ada pensando en el disfrute de familias multigeneracionales. Ofrecemos todas las comodidades para una estancia confortable e inolvidable. A los hu\u00e9spedes les encantan nuestras coloridas y tranquilas zonas al aire libre, con piscina de agua salada. Cree recuerdos imborrables mientras disfruta de las comodidades de nuestra lujosa villa.<\/p>\n\n\n\n<ul class=\"wp-block-list\">\n<li>Gran patio <\/li>\n\n\n\n<li>Wi-Fi y Smart TV<\/li>\n\n\n\n<li>Piscina de agua salada<\/li>\n\n\n\n<li>Aire acondicionado y ventiladores en cada suite para mayor comodidad.<\/li>\n<\/ul>\n\n\n\n<div style=\"height:15px\" aria-hidden=\"true\" class=\"wp-block-spacer\"><\/div>\n\n\n\n<figure class=\"wp-block-gallery has-nested-images columns-3 is-cropped wp-block-gallery-2 is-layout-flex wp-block-gallery-is-layout-flex\">\n<figure class=\"wp-block-image size-large\"><a href=\"https:\/\/www.casadelquetzal.com\/wp-content\/uploads\/2013\/07\/Unknown2.jpeg\"><img loading=\"lazy\" decoding=\"async\" width=\"900\" height=\"600\" data-id=\"4685\" src=\"https:\/\/www.casadelquetzal.com\/wp-content\/uploads\/2013\/07\/Unknown2.jpeg\" alt=\"\" class=\"wp-image-4685\" srcset=\"https:\/\/www.casadelquetzal.com\/wp-content\/uploads\/2013\/07\/Unknown2.jpeg 900w, https:\/\/www.casadelquetzal.com\/wp-content\/uploads\/2013\/07\/Unknown2-300x200.jpeg 300w\" sizes=\"auto, (max-width: 900px) 100vw, 900px\" \/><\/a><\/figure>\n\n\n\n<figure class=\"wp-block-image size-large\"><a href=\"https:\/\/www.casadelquetzal.com\/wp-content\/uploads\/2013\/07\/zoo.jpg\"><img loading=\"lazy\" decoding=\"async\" width=\"900\" height=\"600\" data-id=\"4739\" src=\"https:\/\/www.casadelquetzal.com\/wp-content\/uploads\/2013\/07\/zoo.jpg\" alt=\"\" class=\"wp-image-4739\" srcset=\"https:\/\/www.casadelquetzal.com\/wp-content\/uploads\/2013\/07\/zoo.jpg 900w, https:\/\/www.casadelquetzal.com\/wp-content\/uploads\/2013\/07\/zoo-300x200.jpg 300w\" sizes=\"auto, (max-width: 900px) 100vw, 900px\" \/><\/a><\/figure>\n\n\n\n<figure class=\"wp-block-image size-large\"><a href=\"https:\/\/www.casadelquetzal.com\/wp-content\/uploads\/2013\/07\/Unknown-43.jpeg\"><img loading=\"lazy\" decoding=\"async\" width=\"900\" height=\"600\" data-id=\"4678\" src=\"https:\/\/www.casadelquetzal.com\/wp-content\/uploads\/2013\/07\/Unknown-43.jpeg\" alt=\"\" class=\"wp-image-4678\" srcset=\"https:\/\/www.casadelquetzal.com\/wp-content\/uploads\/2013\/07\/Unknown-43.jpeg 900w, https:\/\/www.casadelquetzal.com\/wp-content\/uploads\/2013\/07\/Unknown-43-300x200.jpeg 300w\" sizes=\"auto, (max-width: 900px) 100vw, 900px\" \/><\/a><\/figure>\n<\/figure>\n\n\n\n<div style=\"height:25px\" aria-hidden=\"true\" class=\"wp-block-spacer\"><\/div>\n\n\n\n<p>M\u00e1s all\u00e1 de Casa del Quetzal, Puerto Vallarta cuenta con una serie de lugares de inter\u00e9s y excursiones imprescindibles para entretener a toda la familia. Las playas p\u00fablicas se encuentran a solo 5 minutos en coche. All\u00ed, usted y sus seres queridos podr\u00e1n disfrutar de cualquiera de las numerosas&nbsp;<a href=\"https:\/\/www.casadelquetzal.com\/es\/eco\/\">actividades acu\u00e1ticas que se ofrecen en la ciudad<\/a>.<\/p>\n\n\n\n<p>No deje de visitar la atracci\u00f3n m\u00e1s querida de Puerto Vallarta, el Malec\u00f3n. Se trata de un paseo mar\u00edtimo que discurre paralelo a la costa de la Bah\u00eda de Banderas. Rodeado de restaurantes, cafeter\u00edas y boutiques, el Malec\u00f3n ofrece entretenimiento para toda la familia, incluyendo esculturas de arena, esculturas de bronce de renombre mundial, presentaciones en el anfiteatro y las famosas puestas de sol de Vallarta.<\/p>\n\n\n\n<blockquote class=\"wp-block-quote is-layout-flow wp-block-quote-is-layout-flow\">\n<p>Otros favoritos locales incluyen:<\/p>\n<\/blockquote>\n\n\n\n<ul class=\"wp-block-list\">\n<li>Nadar con los delfines<\/li>\n\n\n\n<li>Liberaci\u00f3n de tortugas marinas<\/li>\n\n\n\n<li>Zool\u00f3gico de Puerto Vallarta<\/li>\n\n\n\n<li>Jardines bot\u00e1nicos de Puerto Vallarta<\/li>\n\n\n\n<li>Biblioteca Los Mangos<\/li>\n\n\n\n<li>Teatro Vallarta de Puerto Vallarta<\/li>\n<\/ul>\n\n\n\n<hr class=\"wp-block-separator has-css-opacity is-style-dots\"\/>\n\n\n\n<div style=\"height:40px\" aria-hidden=\"true\" class=\"wp-block-spacer\"><\/div>\n\n\n\n<h3 class=\"wp-block-heading\">Deleita a tu familia con el lujo por excelencia de Casa del Quetzal y la fascinante cultura de Puerto Vallarta, M\u00e9xico.<\/h3>\n\n\n\n<div style=\"height:40px\" aria-hidden=\"true\" class=\"wp-block-spacer\"><\/div>\n\n\n\n<div class=\"wp-block-button\"><a class=\"wp-block-button__link has-text-color has-background\" href=\"\/es\/reservation-calendar\/\" style=\"background-color:#a27ad7;color:#ffffff\">Reserve su estancia<\/a><\/div>","protected":false},"excerpt":{"rendered":"<p>Family Fun is Everywhere at Casa del Quetzal in Puerto Vallarta Casa del Quetzal was designed with multi-generational family enjoyment in mind. We provide every convenience for a comfortable and memorable stay. Guests love our colorful, yet tranquil outdoor areas &hellip; <a href=\"https:\/\/www.casadelquetzal.com\/es\/family-fun\/\">Continuaci\u00f3n<\/a><\/p>","protected":false},"author":7,"featured_media":0,"parent":0,"menu_order":0,"comment_status":"closed","ping_status":"closed","template":"page-fullwidth.php","meta":{"kt_blocks_editor_width":"","footnotes":""},"class_list":["post-5058","page","type-page","status-publish","hentry"],"yoast_head":"<!-- This site is optimized with the Yoast SEO plugin v27.4 - https:\/\/yoast.com\/product\/yoast-seo-wordpress\/ -->\n<title>Family Fun - Casa del Quetzal - Puerto Vallarta, Mexico<\/title>\n<meta name=\"robots\" content=\"index, follow, max-snippet:-1, max-image-preview:large, max-video-preview:-1\" \/>\n<link rel=\"canonical\" href=\"https:\/\/www.casadelquetzal.com\/es\/family-fun\/\" \/>\n<meta property=\"og:locale\" content=\"es_MX\" \/>\n<meta property=\"og:type\" content=\"article\" \/>\n<meta property=\"og:title\" content=\"Family Fun - Casa del Quetzal - Puerto Vallarta, Mexico\" \/>\n<meta property=\"og:description\" content=\"Family Fun is Everywhere at Casa del Quetzal in Puerto Vallarta Casa del Quetzal was designed with multi-generational family enjoyment in mind. We provide every convenience for a comfortable and memorable stay. Guests love our colorful, yet tranquil outdoor areas &hellip; Continued\" \/>\n<meta property=\"og:url\" content=\"https:\/\/www.casadelquetzal.com\/es\/family-fun\/\" \/>\n<meta property=\"og:site_name\" content=\"Casa del Quetzal - Puerto Vallarta, Mexico\" \/>\n<meta property=\"article:publisher\" content=\"https:\/\/www.facebook.com\/pages\/Casa-del-Quetzal\/265939076843612\" \/>\n<meta property=\"article:modified_time\" content=\"2025-12-02T01:41:40+00:00\" \/>\n<meta property=\"og:image\" content=\"https:\/\/www.casadelquetzal.com\/wp-content\/uploads\/2020\/04\/family-fun-just-dance-scaled.jpg\" \/>\n\t<meta property=\"og:image:width\" content=\"2560\" \/>\n\t<meta property=\"og:image:height\" content=\"1920\" \/>\n\t<meta property=\"og:image:type\" content=\"image\/jpeg\" \/>\n<meta name=\"twitter:label1\" content=\"Tiempo de lectura\" \/>\n\t<meta name=\"twitter:data1\" content=\"3 minutos\" \/>\n<script type=\"application\/ld+json\" class=\"yoast-schema-graph\">{\"@context\":\"https:\\\/\\\/schema.org\",\"@graph\":[{\"@type\":\"WebPage\",\"@id\":\"https:\\\/\\\/www.casadelquetzal.com\\\/family-fun\\\/\",\"url\":\"https:\\\/\\\/www.casadelquetzal.com\\\/family-fun\\\/\",\"name\":\"Family Fun - Casa del Quetzal - Puerto Vallarta, Mexico\",\"isPartOf\":{\"@id\":\"https:\\\/\\\/www.casadelquetzal.com\\\/#website\"},\"primaryImageOfPage\":{\"@id\":\"https:\\\/\\\/www.casadelquetzal.com\\\/family-fun\\\/#primaryimage\"},\"image\":{\"@id\":\"https:\\\/\\\/www.casadelquetzal.com\\\/family-fun\\\/#primaryimage\"},\"thumbnailUrl\":\"https:\\\/\\\/www.casadelquetzal.com\\\/wp-content\\\/uploads\\\/2020\\\/04\\\/family-fun-just-dance-1024x768.jpg\",\"datePublished\":\"2020-01-27T22:42:25+00:00\",\"dateModified\":\"2025-12-02T01:41:40+00:00\",\"breadcrumb\":{\"@id\":\"https:\\\/\\\/www.casadelquetzal.com\\\/family-fun\\\/#breadcrumb\"},\"inLanguage\":\"es\",\"potentialAction\":[{\"@type\":\"ReadAction\",\"target\":[\"https:\\\/\\\/www.casadelquetzal.com\\\/family-fun\\\/\"]}]},{\"@type\":\"ImageObject\",\"inLanguage\":\"es\",\"@id\":\"https:\\\/\\\/www.casadelquetzal.com\\\/family-fun\\\/#primaryimage\",\"url\":\"https:\\\/\\\/www.casadelquetzal.com\\\/wp-content\\\/uploads\\\/2020\\\/04\\\/family-fun-just-dance-1024x768.jpg\",\"contentUrl\":\"https:\\\/\\\/www.casadelquetzal.com\\\/wp-content\\\/uploads\\\/2020\\\/04\\\/family-fun-just-dance-1024x768.jpg\"},{\"@type\":\"BreadcrumbList\",\"@id\":\"https:\\\/\\\/www.casadelquetzal.com\\\/family-fun\\\/#breadcrumb\",\"itemListElement\":[{\"@type\":\"ListItem\",\"position\":1,\"name\":\"Home\",\"item\":\"https:\\\/\\\/www.casadelquetzal.com\\\/\"},{\"@type\":\"ListItem\",\"position\":2,\"name\":\"Family Fun\"}]},{\"@type\":\"WebSite\",\"@id\":\"https:\\\/\\\/www.casadelquetzal.com\\\/#website\",\"url\":\"https:\\\/\\\/www.casadelquetzal.com\\\/\",\"name\":\"Casa del Quetzal - Puerto Vallarta, Mexico\",\"description\":\"A beautiful hacienda style villa in Conchas Chinas - Puerto Vallarta. Available for rent.\",\"potentialAction\":[{\"@type\":\"SearchAction\",\"target\":{\"@type\":\"EntryPoint\",\"urlTemplate\":\"https:\\\/\\\/www.casadelquetzal.com\\\/?s={search_term_string}\"},\"query-input\":{\"@type\":\"PropertyValueSpecification\",\"valueRequired\":true,\"valueName\":\"search_term_string\"}}],\"inLanguage\":\"es\"}]}<\/script>\n<!-- \/ Yoast SEO plugin. -->","yoast_head_json":{"title":"Family Fun - Casa del Quetzal - Puerto Vallarta, Mexico","robots":{"index":"index","follow":"follow","max-snippet":"max-snippet:-1","max-image-preview":"max-image-preview:large","max-video-preview":"max-video-preview:-1"},"canonical":"https:\/\/www.casadelquetzal.com\/es\/family-fun\/","og_locale":"es_MX","og_type":"article","og_title":"Family Fun - Casa del Quetzal - Puerto Vallarta, Mexico","og_description":"Family Fun is Everywhere at Casa del Quetzal in Puerto Vallarta Casa del Quetzal was designed with multi-generational family enjoyment in mind. We provide every convenience for a comfortable and memorable stay. Guests love our colorful, yet tranquil outdoor areas &hellip; Continued","og_url":"https:\/\/www.casadelquetzal.com\/es\/family-fun\/","og_site_name":"Casa del Quetzal - Puerto Vallarta, Mexico","article_publisher":"https:\/\/www.facebook.com\/pages\/Casa-del-Quetzal\/265939076843612","article_modified_time":"2025-12-02T01:41:40+00:00","og_image":[{"width":2560,"height":1920,"url":"https:\/\/www.casadelquetzal.com\/wp-content\/uploads\/2020\/04\/family-fun-just-dance-scaled.jpg","type":"image\/jpeg"}],"twitter_misc":{"Tiempo de lectura":"3 minutos"},"schema":{"@context":"https:\/\/schema.org","@graph":[{"@type":"WebPage","@id":"https:\/\/www.casadelquetzal.com\/family-fun\/","url":"https:\/\/www.casadelquetzal.com\/family-fun\/","name":"Family Fun - Casa del Quetzal - Puerto Vallarta, Mexico","isPartOf":{"@id":"https:\/\/www.casadelquetzal.com\/#website"},"primaryImageOfPage":{"@id":"https:\/\/www.casadelquetzal.com\/family-fun\/#primaryimage"},"image":{"@id":"https:\/\/www.casadelquetzal.com\/family-fun\/#primaryimage"},"thumbnailUrl":"https:\/\/www.casadelquetzal.com\/wp-content\/uploads\/2020\/04\/family-fun-just-dance-1024x768.jpg","datePublished":"2020-01-27T22:42:25+00:00","dateModified":"2025-12-02T01:41:40+00:00","breadcrumb":{"@id":"https:\/\/www.casadelquetzal.com\/family-fun\/#breadcrumb"},"inLanguage":"es","potentialAction":[{"@type":"ReadAction","target":["https:\/\/www.casadelquetzal.com\/family-fun\/"]}]},{"@type":"ImageObject","inLanguage":"es","@id":"https:\/\/www.casadelquetzal.com\/family-fun\/#primaryimage","url":"https:\/\/www.casadelquetzal.com\/wp-content\/uploads\/2020\/04\/family-fun-just-dance-1024x768.jpg","contentUrl":"https:\/\/www.casadelquetzal.com\/wp-content\/uploads\/2020\/04\/family-fun-just-dance-1024x768.jpg"},{"@type":"BreadcrumbList","@id":"https:\/\/www.casadelquetzal.com\/family-fun\/#breadcrumb","itemListElement":[{"@type":"ListItem","position":1,"name":"Home","item":"https:\/\/www.casadelquetzal.com\/"},{"@type":"ListItem","position":2,"name":"Family Fun"}]},{"@type":"WebSite","@id":"https:\/\/www.casadelquetzal.com\/#website","url":"https:\/\/www.casadelquetzal.com\/","name":"Casa del Quetzal - Puerto Vallarta, M\u00e9xico","description":"Una hermosa villa estilo hacienda en Conchas Chinas, Puerto Vallarta. Disponible para rentar.","potentialAction":[{"@type":"SearchAction","target":{"@type":"EntryPoint","urlTemplate":"https:\/\/www.casadelquetzal.com\/?s={search_term_string}"},"query-input":{"@type":"PropertyValueSpecification","valueRequired":true,"valueName":"search_term_string"}}],"inLanguage":"es"}]}},"_links":{"self":[{"href":"https:\/\/www.casadelquetzal.com\/es\/wp-json\/wp\/v2\/pages\/5058","targetHints":{"allow":["GET"]}}],"collection":[{"href":"https:\/\/www.casadelquetzal.com\/es\/wp-json\/wp\/v2\/pages"}],"about":[{"href":"https:\/\/www.casadelquetzal.com\/es\/wp-json\/wp\/v2\/types\/page"}],"author":[{"embeddable":true,"href":"https:\/\/www.casadelquetzal.com\/es\/wp-json\/wp\/v2\/users\/7"}],"replies":[{"embeddable":true,"href":"https:\/\/www.casadelquetzal.com\/es\/wp-json\/wp\/v2\/comments?post=5058"}],"version-history":[{"count":10,"href":"https:\/\/www.casadelquetzal.com\/es\/wp-json\/wp\/v2\/pages\/5058\/revisions"}],"predecessor-version":[{"id":5303,"href":"https:\/\/www.casadelquetzal.com\/es\/wp-json\/wp\/v2\/pages\/5058\/revisions\/5303"}],"wp:attachment":[{"href":"https:\/\/www.casadelquetzal.com\/es\/wp-json\/wp\/v2\/media?parent=5058"}],"curies":[{"name":"wp","href":"https:\/\/api.w.org\/{rel}","templated":true}]}}