{"id":5070,"date":"2020-01-27T17:29:40","date_gmt":"2020-01-27T23:29:40","guid":{"rendered":"https:\/\/www.casadelquetzal.com\/?page_id=5070"},"modified":"2020-04-09T11:48:11","modified_gmt":"2020-04-09T16:48:11","slug":"bird-sightings","status":"publish","type":"page","link":"https:\/\/www.casadelquetzal.com\/es\/bird-sightings\/","title":{"rendered":"Avistamientos de aves en Casa del Quetzal"},"content":{"rendered":"<p>El avistamiento y la observaci\u00f3n de aves en Puerto Vallarta est\u00e1n ganando popularidad gracias a la gran variedad de especies que habitan en los pantanos y monta\u00f1as cercanos.<\/p>\n\n\n\n<div style=\"height:20px\" aria-hidden=\"true\" class=\"wp-block-spacer\"><\/div>\n\n\n\n<figure class=\"wp-block-gallery columns-5 is-cropped wp-block-gallery-1 is-layout-flex wp-block-gallery-is-layout-flex\"><ul class=\"blocks-gallery-grid\"><li class=\"blocks-gallery-item\"><figure><a href=\"https:\/\/www.casadelquetzal.com\/wp-content\/uploads\/2012\/11\/Humming-Bird-Villa.jpg\"><img loading=\"lazy\" decoding=\"async\" width=\"900\" height=\"600\" src=\"https:\/\/www.casadelquetzal.com\/wp-content\/uploads\/2012\/11\/Humming-Bird-Villa.jpg\" alt=\"\" data-id=\"3992\" data-link=\"https:\/\/www.casadelquetzal.com\/humming-bird-villa\/\" class=\"wp-image-3992\" srcset=\"https:\/\/www.casadelquetzal.com\/wp-content\/uploads\/2012\/11\/Humming-Bird-Villa.jpg 900w, https:\/\/www.casadelquetzal.com\/wp-content\/uploads\/2012\/11\/Humming-Bird-Villa-200x133.jpg 200w, https:\/\/www.casadelquetzal.com\/wp-content\/uploads\/2012\/11\/Humming-Bird-Villa-125x83.jpg 125w\" sizes=\"auto, (max-width: 900px) 100vw, 900px\" \/><\/a><\/figure><\/li><li class=\"blocks-gallery-item\"><figure><a href=\"https:\/\/www.casadelquetzal.com\/wp-content\/uploads\/2012\/11\/Yellow-Grossbeak-Villa.jpg\"><img loading=\"lazy\" decoding=\"async\" width=\"900\" height=\"600\" src=\"https:\/\/www.casadelquetzal.com\/wp-content\/uploads\/2012\/11\/Yellow-Grossbeak-Villa.jpg\" alt=\"\" data-id=\"3990\" data-link=\"https:\/\/www.casadelquetzal.com\/yellow-grossbeak-villa\/\" class=\"wp-image-3990\" srcset=\"https:\/\/www.casadelquetzal.com\/wp-content\/uploads\/2012\/11\/Yellow-Grossbeak-Villa.jpg 900w, https:\/\/www.casadelquetzal.com\/wp-content\/uploads\/2012\/11\/Yellow-Grossbeak-Villa-200x133.jpg 200w, https:\/\/www.casadelquetzal.com\/wp-content\/uploads\/2012\/11\/Yellow-Grossbeak-Villa-125x83.jpg 125w\" sizes=\"auto, (max-width: 900px) 100vw, 900px\" \/><\/a><\/figure><\/li><li class=\"blocks-gallery-item\"><figure><a href=\"https:\/\/www.casadelquetzal.com\/wp-content\/uploads\/2012\/11\/Woodpecker-Golden-Cheek-Villa-Female.jpg\"><img loading=\"lazy\" decoding=\"async\" width=\"900\" height=\"600\" src=\"https:\/\/www.casadelquetzal.com\/wp-content\/uploads\/2012\/11\/Woodpecker-Golden-Cheek-Villa-Female.jpg\" alt=\"\" data-id=\"3988\" data-link=\"https:\/\/www.casadelquetzal.com\/woodpecker-golden-cheek-villa-female\/\" class=\"wp-image-3988\" srcset=\"https:\/\/www.casadelquetzal.com\/wp-content\/uploads\/2012\/11\/Woodpecker-Golden-Cheek-Villa-Female.jpg 900w, https:\/\/www.casadelquetzal.com\/wp-content\/uploads\/2012\/11\/Woodpecker-Golden-Cheek-Villa-Female-200x133.jpg 200w, https:\/\/www.casadelquetzal.com\/wp-content\/uploads\/2012\/11\/Woodpecker-Golden-Cheek-Villa-Female-125x83.jpg 125w\" sizes=\"auto, (max-width: 900px) 100vw, 900px\" \/><\/a><\/figure><\/li><li class=\"blocks-gallery-item\"><figure><a href=\"https:\/\/www.casadelquetzal.com\/wp-content\/uploads\/2012\/11\/Vermillon-Flycatcher.jpg\"><img loading=\"lazy\" decoding=\"async\" width=\"900\" height=\"600\" src=\"https:\/\/www.casadelquetzal.com\/wp-content\/uploads\/2012\/11\/Vermillon-Flycatcher.jpg\" alt=\"\" data-id=\"3987\" data-link=\"https:\/\/www.casadelquetzal.com\/vermillon-flycatcher-2\/\" class=\"wp-image-3987\" srcset=\"https:\/\/www.casadelquetzal.com\/wp-content\/uploads\/2012\/11\/Vermillon-Flycatcher.jpg 900w, https:\/\/www.casadelquetzal.com\/wp-content\/uploads\/2012\/11\/Vermillon-Flycatcher-200x133.jpg 200w, https:\/\/www.casadelquetzal.com\/wp-content\/uploads\/2012\/11\/Vermillon-Flycatcher-125x83.jpg 125w\" sizes=\"auto, (max-width: 900px) 100vw, 900px\" \/><\/a><\/figure><\/li><li class=\"blocks-gallery-item\"><figure><a href=\"https:\/\/www.casadelquetzal.com\/wp-content\/uploads\/2012\/11\/Rust-Crowned-Ground-Sparrow.jpg\"><img loading=\"lazy\" decoding=\"async\" width=\"900\" height=\"600\" src=\"https:\/\/www.casadelquetzal.com\/wp-content\/uploads\/2012\/11\/Rust-Crowned-Ground-Sparrow.jpg\" alt=\"\" data-id=\"3986\" data-link=\"https:\/\/www.casadelquetzal.com\/rust-crowned-ground-sparrow-2\/\" class=\"wp-image-3986\" srcset=\"https:\/\/www.casadelquetzal.com\/wp-content\/uploads\/2012\/11\/Rust-Crowned-Ground-Sparrow.jpg 900w, https:\/\/www.casadelquetzal.com\/wp-content\/uploads\/2012\/11\/Rust-Crowned-Ground-Sparrow-200x133.jpg 200w, https:\/\/www.casadelquetzal.com\/wp-content\/uploads\/2012\/11\/Rust-Crowned-Ground-Sparrow-125x83.jpg 125w\" sizes=\"auto, (max-width: 900px) 100vw, 900px\" \/><\/a><\/figure><\/li><li class=\"blocks-gallery-item\"><figure><a href=\"https:\/\/www.casadelquetzal.com\/wp-content\/uploads\/2012\/11\/IMG_5428.jpg\"><img loading=\"lazy\" decoding=\"async\" width=\"900\" height=\"600\" src=\"https:\/\/www.casadelquetzal.com\/wp-content\/uploads\/2012\/11\/IMG_5428.jpg\" alt=\"\" data-id=\"3985\" data-link=\"https:\/\/www.casadelquetzal.com\/img_5428-2\/\" class=\"wp-image-3985\" srcset=\"https:\/\/www.casadelquetzal.com\/wp-content\/uploads\/2012\/11\/IMG_5428.jpg 900w, https:\/\/www.casadelquetzal.com\/wp-content\/uploads\/2012\/11\/IMG_5428-200x133.jpg 200w, https:\/\/www.casadelquetzal.com\/wp-content\/uploads\/2012\/11\/IMG_5428-125x83.jpg 125w\" sizes=\"auto, (max-width: 900px) 100vw, 900px\" \/><\/a><\/figure><\/li><li class=\"blocks-gallery-item\"><figure><a href=\"https:\/\/www.casadelquetzal.com\/wp-content\/uploads\/2012\/11\/Chachalaca-Orchid-Villa.jpg\"><img loading=\"lazy\" decoding=\"async\" width=\"900\" height=\"600\" src=\"https:\/\/www.casadelquetzal.com\/wp-content\/uploads\/2012\/11\/Chachalaca-Orchid-Villa.jpg\" alt=\"\" data-id=\"3984\" data-link=\"https:\/\/www.casadelquetzal.com\/chachalaca-orchid-villa\/\" class=\"wp-image-3984\" srcset=\"https:\/\/www.casadelquetzal.com\/wp-content\/uploads\/2012\/11\/Chachalaca-Orchid-Villa.jpg 900w, https:\/\/www.casadelquetzal.com\/wp-content\/uploads\/2012\/11\/Chachalaca-Orchid-Villa-200x133.jpg 200w, https:\/\/www.casadelquetzal.com\/wp-content\/uploads\/2012\/11\/Chachalaca-Orchid-Villa-125x83.jpg 125w\" sizes=\"auto, (max-width: 900px) 100vw, 900px\" \/><\/a><\/figure><\/li><li class=\"blocks-gallery-item\"><figure><a href=\"https:\/\/www.casadelquetzal.com\/wp-content\/uploads\/2012\/11\/Hbird-X.jpg\"><img loading=\"lazy\" decoding=\"async\" width=\"900\" height=\"600\" src=\"https:\/\/www.casadelquetzal.com\/wp-content\/uploads\/2012\/11\/Hbird-X.jpg\" alt=\"\" data-id=\"3983\" data-link=\"https:\/\/www.casadelquetzal.com\/hbird-x\/\" class=\"wp-image-3983\" srcset=\"https:\/\/www.casadelquetzal.com\/wp-content\/uploads\/2012\/11\/Hbird-X.jpg 900w, https:\/\/www.casadelquetzal.com\/wp-content\/uploads\/2012\/11\/Hbird-X-200x133.jpg 200w, https:\/\/www.casadelquetzal.com\/wp-content\/uploads\/2012\/11\/Hbird-X-125x83.jpg 125w\" sizes=\"auto, (max-width: 900px) 100vw, 900px\" \/><\/a><\/figure><\/li><li class=\"blocks-gallery-item\"><figure><a href=\"https:\/\/www.casadelquetzal.com\/wp-content\/uploads\/2012\/11\/Elegaqnt-Trogan-Villa.jpg\"><img loading=\"lazy\" decoding=\"async\" width=\"900\" height=\"600\" src=\"https:\/\/www.casadelquetzal.com\/wp-content\/uploads\/2012\/11\/Elegaqnt-Trogan-Villa.jpg\" alt=\"\" data-id=\"3982\" data-link=\"https:\/\/www.casadelquetzal.com\/elegaqnt-trogan-villa\/\" class=\"wp-image-3982\" srcset=\"https:\/\/www.casadelquetzal.com\/wp-content\/uploads\/2012\/11\/Elegaqnt-Trogan-Villa.jpg 900w, https:\/\/www.casadelquetzal.com\/wp-content\/uploads\/2012\/11\/Elegaqnt-Trogan-Villa-200x133.jpg 200w, https:\/\/www.casadelquetzal.com\/wp-content\/uploads\/2012\/11\/Elegaqnt-Trogan-Villa-125x83.jpg 125w\" sizes=\"auto, (max-width: 900px) 100vw, 900px\" \/><\/a><\/figure><\/li><li class=\"blocks-gallery-item\"><figure><a href=\"https:\/\/www.casadelquetzal.com\/wp-content\/uploads\/2012\/11\/Chachalaca-close-up-A.jpg\"><img loading=\"lazy\" decoding=\"async\" width=\"900\" height=\"600\" src=\"https:\/\/www.casadelquetzal.com\/wp-content\/uploads\/2012\/11\/Chachalaca-close-up-A.jpg\" alt=\"\" data-id=\"3979\" data-link=\"https:\/\/www.casadelquetzal.com\/chachalaca-close-up-a\/\" class=\"wp-image-3979\" srcset=\"https:\/\/www.casadelquetzal.com\/wp-content\/uploads\/2012\/11\/Chachalaca-close-up-A.jpg 900w, https:\/\/www.casadelquetzal.com\/wp-content\/uploads\/2012\/11\/Chachalaca-close-up-A-200x133.jpg 200w, https:\/\/www.casadelquetzal.com\/wp-content\/uploads\/2012\/11\/Chachalaca-close-up-A-125x83.jpg 125w\" sizes=\"auto, (max-width: 900px) 100vw, 900px\" \/><\/a><\/figure><\/li><\/ul><\/figure>\n\n\n\n<div style=\"height:40px\" aria-hidden=\"true\" class=\"wp-block-spacer\"><\/div>\n\n\n\n<div class=\"wp-block-columns has-2-columns is-layout-flex wp-container-core-columns-is-layout-9d6595d7 wp-block-columns-is-layout-flex\">\n<div class=\"wp-block-column is-layout-flow wp-block-column-is-layout-flow\">\n<p>Puerto Vallarta es el hogar de m\u00e1s de 400 especies de aves, entre ellas el quetzal, que da nombre a nuestra villa de lujo. El quetzal, conocido por su majestuosa elegancia, es considerado el ave de la realeza en todo M\u00e9xico y gran parte de Centroam\u00e9rica. De hecho, la corona de Moctezuma estaba hecha de plumas de quetzal, adem\u00e1s de oro y piedras preciosas.<\/p>\n\n\n\n<p>Si desea unirse al entusiasmo por la observaci\u00f3n de aves, solicite a su conserje que le organice una excursi\u00f3n personalizada y profesional para observar aves.<\/p>\n\n\n\n<div style=\"height:40px\" aria-hidden=\"true\" class=\"wp-block-spacer\"><\/div>\n\n\n\n<div class=\"wp-block-button\"><a class=\"wp-block-button__link has-text-color has-background\" href=\"\/es\/reservation-calendar\/\" style=\"background-color:#a27ad7;color:#ffffff\">Reserve su estancia<\/a><\/div>\n<\/div>\n\n\n\n<div class=\"wp-block-column is-layout-flow wp-block-column-is-layout-flow\">\n<blockquote class=\"wp-block-quote is-layout-flow wp-block-quote-is-layout-flow\"><p>Las aves que se ven con frecuencia desde la villa incluyen:<\/p><\/blockquote>\n\n\n\n<ul class=\"wp-block-list\"><li>Cacique<\/li><li>Chuparosas (colibr\u00edes)<\/li><li>Chachalaca<\/li><li>Elegante Trogan<\/li><li>Trog\u00f3n citrino<\/li><li>Guayaco de San Blas<\/li><li>Guacamayos militares (Guyaacama)<\/li><li>Periquito de frente naranja<\/li><li>Motmot rufo<\/li><li>P\u00e1jaro carpintero de mejillas doradas<\/li><li>Kisskadee mayor<\/li><li>P\u00e1jaro social<\/li><\/ul>\n<\/div>\n<\/div>","protected":false},"excerpt":{"rendered":"<p>Bird&nbsp;sightings and&nbsp;bird&nbsp;watching&nbsp;in&nbsp;Puerto Vallarta&nbsp;is growing in popularity thanks to the wide variety of species that live in the nearby marshes and mountains. Puerto Vallarta is home to more than 400 species of birds including the Quetzal, for which our luxury villa &hellip; <a href=\"https:\/\/www.casadelquetzal.com\/es\/bird-sightings\/\">Continuaci\u00f3n<\/a><\/p>","protected":false},"author":7,"featured_media":0,"parent":0,"menu_order":0,"comment_status":"closed","ping_status":"closed","template":"page-fullwidth.php","meta":{"kt_blocks_editor_width":"","footnotes":""},"class_list":["post-5070","page","type-page","status-publish","hentry"],"yoast_head":"<!-- This site is optimized with the Yoast SEO plugin v27.4 - https:\/\/yoast.com\/product\/yoast-seo-wordpress\/ -->\n<title>Bird Sightings at Casa del Quetzal - Casa del Quetzal - Puerto Vallarta, Mexico<\/title>\n<meta name=\"robots\" content=\"index, follow, max-snippet:-1, max-image-preview:large, max-video-preview:-1\" \/>\n<link rel=\"canonical\" href=\"https:\/\/www.casadelquetzal.com\/es\/bird-sightings\/\" \/>\n<meta property=\"og:locale\" content=\"es_MX\" \/>\n<meta property=\"og:type\" content=\"article\" \/>\n<meta property=\"og:title\" content=\"Bird Sightings at Casa del Quetzal - Casa del Quetzal - Puerto Vallarta, Mexico\" \/>\n<meta property=\"og:description\" content=\"Bird&nbsp;sightings and&nbsp;bird&nbsp;watching&nbsp;in&nbsp;Puerto Vallarta&nbsp;is growing in popularity thanks to the wide variety of species that live in the nearby marshes and mountains. Puerto Vallarta is home to more than 400 species of birds including the Quetzal, for which our luxury villa &hellip; Continued\" \/>\n<meta property=\"og:url\" content=\"https:\/\/www.casadelquetzal.com\/es\/bird-sightings\/\" \/>\n<meta property=\"og:site_name\" content=\"Casa del Quetzal - Puerto Vallarta, Mexico\" \/>\n<meta property=\"article:publisher\" content=\"https:\/\/www.facebook.com\/pages\/Casa-del-Quetzal\/265939076843612\" \/>\n<meta property=\"article:modified_time\" content=\"2020-04-09T16:48:11+00:00\" \/>\n<meta property=\"og:image\" content=\"https:\/\/www.casadelquetzal.com\/wp-content\/uploads\/2012\/11\/Humming-Bird-Villa.jpg\" \/>\n<meta name=\"twitter:label1\" content=\"Tiempo de lectura\" \/>\n\t<meta name=\"twitter:data1\" content=\"1 minuto\" \/>\n<script type=\"application\/ld+json\" class=\"yoast-schema-graph\">{\"@context\":\"https:\\\/\\\/schema.org\",\"@graph\":[{\"@type\":\"WebPage\",\"@id\":\"https:\\\/\\\/www.casadelquetzal.com\\\/bird-sightings\\\/\",\"url\":\"https:\\\/\\\/www.casadelquetzal.com\\\/bird-sightings\\\/\",\"name\":\"Bird Sightings at Casa del Quetzal - Casa del Quetzal - Puerto Vallarta, Mexico\",\"isPartOf\":{\"@id\":\"https:\\\/\\\/www.casadelquetzal.com\\\/#website\"},\"primaryImageOfPage\":{\"@id\":\"https:\\\/\\\/www.casadelquetzal.com\\\/bird-sightings\\\/#primaryimage\"},\"image\":{\"@id\":\"https:\\\/\\\/www.casadelquetzal.com\\\/bird-sightings\\\/#primaryimage\"},\"thumbnailUrl\":\"https:\\\/\\\/www.casadelquetzal.com\\\/wp-content\\\/uploads\\\/2012\\\/11\\\/Humming-Bird-Villa.jpg\",\"datePublished\":\"2020-01-27T23:29:40+00:00\",\"dateModified\":\"2020-04-09T16:48:11+00:00\",\"breadcrumb\":{\"@id\":\"https:\\\/\\\/www.casadelquetzal.com\\\/bird-sightings\\\/#breadcrumb\"},\"inLanguage\":\"es\",\"potentialAction\":[{\"@type\":\"ReadAction\",\"target\":[\"https:\\\/\\\/www.casadelquetzal.com\\\/bird-sightings\\\/\"]}]},{\"@type\":\"ImageObject\",\"inLanguage\":\"es\",\"@id\":\"https:\\\/\\\/www.casadelquetzal.com\\\/bird-sightings\\\/#primaryimage\",\"url\":\"https:\\\/\\\/www.casadelquetzal.com\\\/wp-content\\\/uploads\\\/2012\\\/11\\\/Humming-Bird-Villa.jpg\",\"contentUrl\":\"https:\\\/\\\/www.casadelquetzal.com\\\/wp-content\\\/uploads\\\/2012\\\/11\\\/Humming-Bird-Villa.jpg\"},{\"@type\":\"BreadcrumbList\",\"@id\":\"https:\\\/\\\/www.casadelquetzal.com\\\/bird-sightings\\\/#breadcrumb\",\"itemListElement\":[{\"@type\":\"ListItem\",\"position\":1,\"name\":\"Home\",\"item\":\"https:\\\/\\\/www.casadelquetzal.com\\\/\"},{\"@type\":\"ListItem\",\"position\":2,\"name\":\"Bird Sightings at Casa del Quetzal\"}]},{\"@type\":\"WebSite\",\"@id\":\"https:\\\/\\\/www.casadelquetzal.com\\\/#website\",\"url\":\"https:\\\/\\\/www.casadelquetzal.com\\\/\",\"name\":\"Casa del Quetzal - Puerto Vallarta, Mexico\",\"description\":\"A beautiful hacienda style villa in Conchas Chinas - Puerto Vallarta. Available for rent.\",\"potentialAction\":[{\"@type\":\"SearchAction\",\"target\":{\"@type\":\"EntryPoint\",\"urlTemplate\":\"https:\\\/\\\/www.casadelquetzal.com\\\/?s={search_term_string}\"},\"query-input\":{\"@type\":\"PropertyValueSpecification\",\"valueRequired\":true,\"valueName\":\"search_term_string\"}}],\"inLanguage\":\"es\"}]}<\/script>\n<!-- \/ Yoast SEO plugin. -->","yoast_head_json":{"title":"Bird Sightings at Casa del Quetzal - Casa del Quetzal - Puerto Vallarta, Mexico","robots":{"index":"index","follow":"follow","max-snippet":"max-snippet:-1","max-image-preview":"max-image-preview:large","max-video-preview":"max-video-preview:-1"},"canonical":"https:\/\/www.casadelquetzal.com\/es\/bird-sightings\/","og_locale":"es_MX","og_type":"article","og_title":"Bird Sightings at Casa del Quetzal - Casa del Quetzal - Puerto Vallarta, Mexico","og_description":"Bird&nbsp;sightings and&nbsp;bird&nbsp;watching&nbsp;in&nbsp;Puerto Vallarta&nbsp;is growing in popularity thanks to the wide variety of species that live in the nearby marshes and mountains. Puerto Vallarta is home to more than 400 species of birds including the Quetzal, for which our luxury villa &hellip; Continued","og_url":"https:\/\/www.casadelquetzal.com\/es\/bird-sightings\/","og_site_name":"Casa del Quetzal - Puerto Vallarta, Mexico","article_publisher":"https:\/\/www.facebook.com\/pages\/Casa-del-Quetzal\/265939076843612","article_modified_time":"2020-04-09T16:48:11+00:00","og_image":[{"url":"https:\/\/www.casadelquetzal.com\/wp-content\/uploads\/2012\/11\/Humming-Bird-Villa.jpg","type":"","width":"","height":""}],"twitter_misc":{"Tiempo de lectura":"1 minuto"},"schema":{"@context":"https:\/\/schema.org","@graph":[{"@type":"WebPage","@id":"https:\/\/www.casadelquetzal.com\/bird-sightings\/","url":"https:\/\/www.casadelquetzal.com\/bird-sightings\/","name":"Bird Sightings at Casa del Quetzal - Casa del Quetzal - Puerto Vallarta, Mexico","isPartOf":{"@id":"https:\/\/www.casadelquetzal.com\/#website"},"primaryImageOfPage":{"@id":"https:\/\/www.casadelquetzal.com\/bird-sightings\/#primaryimage"},"image":{"@id":"https:\/\/www.casadelquetzal.com\/bird-sightings\/#primaryimage"},"thumbnailUrl":"https:\/\/www.casadelquetzal.com\/wp-content\/uploads\/2012\/11\/Humming-Bird-Villa.jpg","datePublished":"2020-01-27T23:29:40+00:00","dateModified":"2020-04-09T16:48:11+00:00","breadcrumb":{"@id":"https:\/\/www.casadelquetzal.com\/bird-sightings\/#breadcrumb"},"inLanguage":"es","potentialAction":[{"@type":"ReadAction","target":["https:\/\/www.casadelquetzal.com\/bird-sightings\/"]}]},{"@type":"ImageObject","inLanguage":"es","@id":"https:\/\/www.casadelquetzal.com\/bird-sightings\/#primaryimage","url":"https:\/\/www.casadelquetzal.com\/wp-content\/uploads\/2012\/11\/Humming-Bird-Villa.jpg","contentUrl":"https:\/\/www.casadelquetzal.com\/wp-content\/uploads\/2012\/11\/Humming-Bird-Villa.jpg"},{"@type":"BreadcrumbList","@id":"https:\/\/www.casadelquetzal.com\/bird-sightings\/#breadcrumb","itemListElement":[{"@type":"ListItem","position":1,"name":"Home","item":"https:\/\/www.casadelquetzal.com\/"},{"@type":"ListItem","position":2,"name":"Bird Sightings at Casa del Quetzal"}]},{"@type":"WebSite","@id":"https:\/\/www.casadelquetzal.com\/#website","url":"https:\/\/www.casadelquetzal.com\/","name":"Casa del Quetzal - Puerto Vallarta, M\u00e9xico","description":"Una hermosa villa estilo hacienda en Conchas Chinas, Puerto Vallarta. Disponible para rentar.","potentialAction":[{"@type":"SearchAction","target":{"@type":"EntryPoint","urlTemplate":"https:\/\/www.casadelquetzal.com\/?s={search_term_string}"},"query-input":{"@type":"PropertyValueSpecification","valueRequired":true,"valueName":"search_term_string"}}],"inLanguage":"es"}]}},"_links":{"self":[{"href":"https:\/\/www.casadelquetzal.com\/es\/wp-json\/wp\/v2\/pages\/5070","targetHints":{"allow":["GET"]}}],"collection":[{"href":"https:\/\/www.casadelquetzal.com\/es\/wp-json\/wp\/v2\/pages"}],"about":[{"href":"https:\/\/www.casadelquetzal.com\/es\/wp-json\/wp\/v2\/types\/page"}],"author":[{"embeddable":true,"href":"https:\/\/www.casadelquetzal.com\/es\/wp-json\/wp\/v2\/users\/7"}],"replies":[{"embeddable":true,"href":"https:\/\/www.casadelquetzal.com\/es\/wp-json\/wp\/v2\/comments?post=5070"}],"version-history":[{"count":11,"href":"https:\/\/www.casadelquetzal.com\/es\/wp-json\/wp\/v2\/pages\/5070\/revisions"}],"predecessor-version":[{"id":5276,"href":"https:\/\/www.casadelquetzal.com\/es\/wp-json\/wp\/v2\/pages\/5070\/revisions\/5276"}],"wp:attachment":[{"href":"https:\/\/www.casadelquetzal.com\/es\/wp-json\/wp\/v2\/media?parent=5070"}],"curies":[{"name":"wp","href":"https:\/\/api.w.org\/{rel}","templated":true}]}}