{"id":5112,"date":"2020-02-17T17:14:23","date_gmt":"2020-02-17T23:14:23","guid":{"rendered":"https:\/\/www.casadelquetzal.com\/?page_id=5112"},"modified":"2025-12-03T12:49:39","modified_gmt":"2025-12-03T18:49:39","slug":"the-art-and-artifacts-of-casa-del-quetzal","status":"publish","type":"page","link":"https:\/\/www.casadelquetzal.com\/es\/the-art-and-artifacts-of-casa-del-quetzal\/","title":{"rendered":"The Art and Artifacts of Casa del Quetzal"},"content":{"rendered":"<p>Casa del Quetzal is a showcase arts and artifacts, with hand selected artisan crafts, ceramics, tiles, woven textiles and custom made furniture created by artists and artisans from all over Mexico \u2013 Puebla, Michoac\u00e1n, Tomatl\u00e1n, Jalisco, Chiapas and the Yucat\u00e1n Peninsula.<\/p>\n\n\n\n<p>Each piece enhances the ambiance of Casa del Quetzal, delighting guests with Mexican culture and tradition, whimsy and mysticism.<\/p>\n\n\n\n<div style=\"height:20px\" aria-hidden=\"true\" class=\"wp-block-spacer\"><\/div>\n\n\n\n<figure class=\"wp-block-gallery has-nested-images columns-4 is-cropped wp-block-gallery-1 is-layout-flex wp-block-gallery-is-layout-flex\">\n<figure class=\"wp-block-image size-large\"><a href=\"https:\/\/www.casadelquetzal.com\/wp-content\/uploads\/2012\/10\/art-icon.jpg\"><img loading=\"lazy\" decoding=\"async\" width=\"900\" height=\"600\" data-id=\"4266\" src=\"https:\/\/www.casadelquetzal.com\/wp-content\/uploads\/2012\/10\/art-icon.jpg\" alt=\"\" class=\"wp-image-4266\" srcset=\"https:\/\/www.casadelquetzal.com\/wp-content\/uploads\/2012\/10\/art-icon.jpg 900w, https:\/\/www.casadelquetzal.com\/wp-content\/uploads\/2012\/10\/art-icon-300x200.jpg 300w, https:\/\/www.casadelquetzal.com\/wp-content\/uploads\/2012\/10\/art-icon-210x140.jpg 210w\" sizes=\"auto, (max-width: 900px) 100vw, 900px\" \/><\/a><\/figure>\n\n\n\n<figure class=\"wp-block-image size-large\"><a href=\"https:\/\/www.casadelquetzal.com\/wp-content\/uploads\/2013\/07\/Unknown-1.jpeg\"><img loading=\"lazy\" decoding=\"async\" width=\"960\" height=\"640\" data-id=\"4613\" src=\"https:\/\/www.casadelquetzal.com\/wp-content\/uploads\/2013\/07\/Unknown-1.jpeg\" alt=\"\" class=\"wp-image-4613\" srcset=\"https:\/\/www.casadelquetzal.com\/wp-content\/uploads\/2013\/07\/Unknown-1.jpeg 960w, https:\/\/www.casadelquetzal.com\/wp-content\/uploads\/2013\/07\/Unknown-1-300x200.jpeg 300w\" sizes=\"auto, (max-width: 960px) 100vw, 960px\" \/><\/a><\/figure>\n\n\n\n<figure class=\"wp-block-image size-large\"><a href=\"https:\/\/www.casadelquetzal.com\/wp-content\/uploads\/2013\/07\/Unknown-6.jpeg\"><img loading=\"lazy\" decoding=\"async\" width=\"960\" height=\"640\" data-id=\"4621\" src=\"https:\/\/www.casadelquetzal.com\/wp-content\/uploads\/2013\/07\/Unknown-6.jpeg\" alt=\"\" class=\"wp-image-4621\" srcset=\"https:\/\/www.casadelquetzal.com\/wp-content\/uploads\/2013\/07\/Unknown-6.jpeg 960w, https:\/\/www.casadelquetzal.com\/wp-content\/uploads\/2013\/07\/Unknown-6-300x200.jpeg 300w\" sizes=\"auto, (max-width: 960px) 100vw, 960px\" \/><\/a><\/figure>\n\n\n\n<figure class=\"wp-block-image size-large\"><a href=\"https:\/\/www.casadelquetzal.com\/wp-content\/uploads\/2013\/07\/Unknown-7.jpeg\"><img loading=\"lazy\" decoding=\"async\" width=\"960\" height=\"640\" data-id=\"4623\" src=\"https:\/\/www.casadelquetzal.com\/wp-content\/uploads\/2013\/07\/Unknown-7.jpeg\" alt=\"\" class=\"wp-image-4623\" srcset=\"https:\/\/www.casadelquetzal.com\/wp-content\/uploads\/2013\/07\/Unknown-7.jpeg 960w, https:\/\/www.casadelquetzal.com\/wp-content\/uploads\/2013\/07\/Unknown-7-300x200.jpeg 300w\" sizes=\"auto, (max-width: 960px) 100vw, 960px\" \/><\/a><\/figure>\n<\/figure>\n\n\n\n<div style=\"height:30px\" aria-hidden=\"true\" class=\"wp-block-spacer\"><\/div>\n\n\n\n<p><strong>Santa Rosa de Lima<\/strong>&nbsp;\u2013 Our stone carving of Santa Rosa \u2013 which was sculpted in the early 1700s for a Quer\u00e9taro church \u2013 greets guests from her regal position in the open-air courtyard of Casa del Quetzal.<\/p>\n\n\n\n<p>Known as the patroness of Latin America, Santa Rosa hailed from Peru. As she grew, so did her beauty. One day, her mother laid a floral wreath atop her head. It had been intended to impress friends, but Rosa paid no mind. She had given her heart to Jesus. Through the wreath, she struck her head with a pin so long that it pierced her deeply.<\/p>\n\n\n\n<p>Despite temptations, loneliness and sadness, Rosa prayed: \u201cLord, increase my sufferings, and with them increase your love in my heart.\u201d She was blessed in 1667 by Clement IX and was the first American to be canonized in 1671. Santa Rosa de Lima is often pictured with a crown of roses and the feast that honors her name is celebrated every August 23.<\/p>\n\n\n\n<p><strong>Iron Work<\/strong>&nbsp;\u2013 Casa del Quetzal not only features individual pieces but those that are fixed into the architecture. Custom designed and handcrafted wrought iron designs feature the whimsy of Mexico\u2019s flora and fauna, including the Quetzals, the royal birds from which the villa was named.<\/p>\n\n\n\n<div style=\"height:20px\" aria-hidden=\"true\" class=\"wp-block-spacer\"><\/div>\n\n\n\n<figure class=\"wp-block-gallery has-nested-images columns-4 is-cropped wp-block-gallery-2 is-layout-flex wp-block-gallery-is-layout-flex\">\n<figure class=\"wp-block-image size-large\"><a href=\"https:\/\/www.casadelquetzal.com\/wp-content\/uploads\/2013\/07\/Unknown-5.jpeg\"><img loading=\"lazy\" decoding=\"async\" width=\"960\" height=\"640\" data-id=\"4620\" src=\"https:\/\/www.casadelquetzal.com\/wp-content\/uploads\/2013\/07\/Unknown-5.jpeg\" alt=\"\" class=\"wp-image-4620\" srcset=\"https:\/\/www.casadelquetzal.com\/wp-content\/uploads\/2013\/07\/Unknown-5.jpeg 960w, https:\/\/www.casadelquetzal.com\/wp-content\/uploads\/2013\/07\/Unknown-5-300x200.jpeg 300w\" sizes=\"auto, (max-width: 960px) 100vw, 960px\" \/><\/a><\/figure>\n\n\n\n<figure class=\"wp-block-image size-large\"><a href=\"https:\/\/www.casadelquetzal.com\/wp-content\/uploads\/2013\/07\/Unknown-4.jpeg\"><img loading=\"lazy\" decoding=\"async\" width=\"960\" height=\"640\" data-id=\"4619\" src=\"https:\/\/www.casadelquetzal.com\/wp-content\/uploads\/2013\/07\/Unknown-4.jpeg\" alt=\"\" class=\"wp-image-4619\" srcset=\"https:\/\/www.casadelquetzal.com\/wp-content\/uploads\/2013\/07\/Unknown-4.jpeg 960w, https:\/\/www.casadelquetzal.com\/wp-content\/uploads\/2013\/07\/Unknown-4-300x200.jpeg 300w\" sizes=\"auto, (max-width: 960px) 100vw, 960px\" \/><\/a><\/figure>\n\n\n\n<figure class=\"wp-block-image size-large\"><a href=\"https:\/\/www.casadelquetzal.com\/wp-content\/uploads\/2013\/07\/Unknown-9.jpeg\"><img loading=\"lazy\" decoding=\"async\" width=\"960\" height=\"640\" data-id=\"4625\" src=\"https:\/\/www.casadelquetzal.com\/wp-content\/uploads\/2013\/07\/Unknown-9.jpeg\" alt=\"\" class=\"wp-image-4625\" srcset=\"https:\/\/www.casadelquetzal.com\/wp-content\/uploads\/2013\/07\/Unknown-9.jpeg 960w, https:\/\/www.casadelquetzal.com\/wp-content\/uploads\/2013\/07\/Unknown-9-300x200.jpeg 300w\" sizes=\"auto, (max-width: 960px) 100vw, 960px\" \/><\/a><\/figure>\n\n\n\n<figure class=\"wp-block-image size-large\"><a href=\"https:\/\/www.casadelquetzal.com\/wp-content\/uploads\/2013\/07\/Unknown-3.jpeg\"><img loading=\"lazy\" decoding=\"async\" width=\"960\" height=\"640\" data-id=\"4615\" src=\"https:\/\/www.casadelquetzal.com\/wp-content\/uploads\/2013\/07\/Unknown-3.jpeg\" alt=\"\" class=\"wp-image-4615\" srcset=\"https:\/\/www.casadelquetzal.com\/wp-content\/uploads\/2013\/07\/Unknown-3.jpeg 960w, https:\/\/www.casadelquetzal.com\/wp-content\/uploads\/2013\/07\/Unknown-3-300x200.jpeg 300w\" sizes=\"auto, (max-width: 960px) 100vw, 960px\" \/><\/a><\/figure>\n<\/figure>\n\n\n\n<div style=\"height:30px\" aria-hidden=\"true\" class=\"wp-block-spacer\"><\/div>\n\n\n\n<p><strong>Capellini Style Mosaic<\/strong>&nbsp;\u2013 As the newest acquisition in Casa del Quetzal\u2019s collection, the Capellini Style Mosaic highlights the mastery of tile makers from the state of Guanajuato, the same location in which Father Miguel Hidalgo uttered his famous cry for Mexican independence in 1810. The depiction of the angel and his cello was inspired by the ornamentation of Guanajuato plaques. The commissioned piece was then set in a carved stone frame by Puerto Vallarta artisans.<\/p>\n\n\n\n<p><strong>Woven Textiles<\/strong>&nbsp;\u2013 Mexico is world-renowned for its brightly colored, hand-woven textiles. Flora and fauna are often depicted, symbolizing the abundance and beauty of nature. Casa del Quetzal honors the nation\u2019s weaving traditions with selected wall hangings and d\u00e9cor.<\/p>\n\n\n\n<p><strong>Artisan Pottery<\/strong>&nbsp;\u2013 Casa del Quetzal is filled with intricately designed pottery from Guanajuato to Michoac\u00e1n. Select ceramic pieces have been created by&nbsp;<a href=\"http:\/\/www.gorkypottery.com\/\" target=\"_blank\" rel=\"noreferrer noopener\">Gorky Gonzalez<\/a>, the founder and artistic director of Alfareria Tradicional. Joining Gonzalez\u2019s traditional Majolica-style pieces are the works of Juan Morales depicts much of the tradition of the people and the artistry of the area around Lake Patzcuaro in Michoacan.<\/p>\n\n\n\n<div style=\"height:20px\" aria-hidden=\"true\" class=\"wp-block-spacer\"><\/div>\n\n\n\n<figure class=\"wp-block-gallery has-nested-images columns-4 is-cropped wp-block-gallery-3 is-layout-flex wp-block-gallery-is-layout-flex\">\n<figure class=\"wp-block-image size-large\"><a href=\"https:\/\/www.casadelquetzal.com\/wp-content\/uploads\/2013\/07\/Unknown-14.jpeg\"><img loading=\"lazy\" decoding=\"async\" width=\"960\" height=\"640\" data-id=\"4630\" src=\"https:\/\/www.casadelquetzal.com\/wp-content\/uploads\/2013\/07\/Unknown-14.jpeg\" alt=\"\" class=\"wp-image-4630\" srcset=\"https:\/\/www.casadelquetzal.com\/wp-content\/uploads\/2013\/07\/Unknown-14.jpeg 960w, https:\/\/www.casadelquetzal.com\/wp-content\/uploads\/2013\/07\/Unknown-14-300x200.jpeg 300w\" sizes=\"auto, (max-width: 960px) 100vw, 960px\" \/><\/a><\/figure>\n\n\n\n<figure class=\"wp-block-image size-large\"><a href=\"https:\/\/www.casadelquetzal.com\/wp-content\/uploads\/2013\/07\/Unknown-2.jpeg\"><img loading=\"lazy\" decoding=\"async\" width=\"960\" height=\"640\" data-id=\"4614\" src=\"https:\/\/www.casadelquetzal.com\/wp-content\/uploads\/2013\/07\/Unknown-2.jpeg\" alt=\"\" class=\"wp-image-4614\" srcset=\"https:\/\/www.casadelquetzal.com\/wp-content\/uploads\/2013\/07\/Unknown-2.jpeg 960w, https:\/\/www.casadelquetzal.com\/wp-content\/uploads\/2013\/07\/Unknown-2-300x200.jpeg 300w\" sizes=\"auto, (max-width: 960px) 100vw, 960px\" \/><\/a><\/figure>\n\n\n\n<figure class=\"wp-block-image size-large\"><a href=\"https:\/\/www.casadelquetzal.com\/wp-content\/uploads\/2013\/07\/Unknown-13.jpeg\"><img loading=\"lazy\" decoding=\"async\" width=\"960\" height=\"640\" data-id=\"4629\" src=\"https:\/\/www.casadelquetzal.com\/wp-content\/uploads\/2013\/07\/Unknown-13.jpeg\" alt=\"\" class=\"wp-image-4629\" srcset=\"https:\/\/www.casadelquetzal.com\/wp-content\/uploads\/2013\/07\/Unknown-13.jpeg 960w, https:\/\/www.casadelquetzal.com\/wp-content\/uploads\/2013\/07\/Unknown-13-300x200.jpeg 300w\" sizes=\"auto, (max-width: 960px) 100vw, 960px\" \/><\/a><\/figure>\n\n\n\n<figure class=\"wp-block-image size-large\"><a href=\"https:\/\/www.casadelquetzal.com\/wp-content\/uploads\/2013\/07\/Unknown-12.jpeg\"><img loading=\"lazy\" decoding=\"async\" width=\"960\" height=\"640\" data-id=\"4628\" src=\"https:\/\/www.casadelquetzal.com\/wp-content\/uploads\/2013\/07\/Unknown-12.jpeg\" alt=\"\" class=\"wp-image-4628\" srcset=\"https:\/\/www.casadelquetzal.com\/wp-content\/uploads\/2013\/07\/Unknown-12.jpeg 960w, https:\/\/www.casadelquetzal.com\/wp-content\/uploads\/2013\/07\/Unknown-12-300x200.jpeg 300w\" sizes=\"auto, (max-width: 960px) 100vw, 960px\" \/><\/a><\/figure>\n<\/figure>\n\n\n\n<div style=\"height:30px\" aria-hidden=\"true\" class=\"wp-block-spacer\"><\/div>\n\n\n\n<h3 class=\"wp-block-heading\">Surround yourself with the art and ambiance of Casa del Quetzal.<\/h3>\n\n\n\n<div style=\"height:50px\" aria-hidden=\"true\" class=\"wp-block-spacer\"><\/div>\n\n\n\n<div class=\"wp-block-button\"><a class=\"wp-block-button__link has-text-color has-background\" href=\"\/es\/reservation-calendar\/\" style=\"background-color:#a27ad7;color:#ffffff\">Reserve su estancia<\/a><\/div>","protected":false},"excerpt":{"rendered":"<p>Casa del Quetzal is a showcase arts and artifacts, with hand selected artisan crafts, ceramics, tiles, woven textiles and custom made furniture created by artists and artisans from all over Mexico \u2013 Puebla, Michoac\u00e1n, Tomatl\u00e1n, Jalisco, Chiapas and the Yucat\u00e1n &hellip; <a href=\"https:\/\/www.casadelquetzal.com\/es\/the-art-and-artifacts-of-casa-del-quetzal\/\">Continuaci\u00f3n<\/a><\/p>","protected":false},"author":7,"featured_media":0,"parent":0,"menu_order":0,"comment_status":"closed","ping_status":"closed","template":"page-fullwidth.php","meta":{"kt_blocks_editor_width":"","footnotes":""},"class_list":["post-5112","page","type-page","status-publish","hentry"],"yoast_head":"<!-- This site is optimized with the Yoast SEO plugin v27.4 - https:\/\/yoast.com\/product\/yoast-seo-wordpress\/ -->\n<title>The Art and Artifacts of Casa del Quetzal - Casa del Quetzal - Puerto Vallarta, Mexico<\/title>\n<meta name=\"robots\" content=\"index, follow, max-snippet:-1, max-image-preview:large, max-video-preview:-1\" \/>\n<link rel=\"canonical\" href=\"https:\/\/www.casadelquetzal.com\/es\/the-art-and-artifacts-of-casa-del-quetzal\/\" \/>\n<meta property=\"og:locale\" content=\"es_MX\" \/>\n<meta property=\"og:type\" content=\"article\" \/>\n<meta property=\"og:title\" content=\"The Art and Artifacts of Casa del Quetzal - Casa del Quetzal - Puerto Vallarta, Mexico\" \/>\n<meta property=\"og:description\" content=\"Casa del Quetzal is a showcase arts and artifacts, with hand selected artisan crafts, ceramics, tiles, woven textiles and custom made furniture created by artists and artisans from all over Mexico \u2013 Puebla, Michoac\u00e1n, Tomatl\u00e1n, Jalisco, Chiapas and the Yucat\u00e1n &hellip; Continued\" \/>\n<meta property=\"og:url\" content=\"https:\/\/www.casadelquetzal.com\/es\/the-art-and-artifacts-of-casa-del-quetzal\/\" \/>\n<meta property=\"og:site_name\" content=\"Casa del Quetzal - Puerto Vallarta, Mexico\" \/>\n<meta property=\"article:publisher\" content=\"https:\/\/www.facebook.com\/pages\/Casa-del-Quetzal\/265939076843612\" \/>\n<meta property=\"article:modified_time\" content=\"2025-12-03T18:49:39+00:00\" \/>\n<meta property=\"og:image\" content=\"https:\/\/www.casadelquetzal.com\/wp-content\/uploads\/2012\/10\/art-icon.jpg\" \/>\n\t<meta property=\"og:image:width\" content=\"900\" \/>\n\t<meta property=\"og:image:height\" content=\"600\" \/>\n\t<meta property=\"og:image:type\" content=\"image\/jpeg\" \/>\n<meta name=\"twitter:label1\" content=\"Tiempo de lectura\" \/>\n\t<meta name=\"twitter:data1\" content=\"5 minutos\" \/>\n<script type=\"application\/ld+json\" class=\"yoast-schema-graph\">{\"@context\":\"https:\\\/\\\/schema.org\",\"@graph\":[{\"@type\":\"WebPage\",\"@id\":\"https:\\\/\\\/www.casadelquetzal.com\\\/the-art-and-artifacts-of-casa-del-quetzal\\\/\",\"url\":\"https:\\\/\\\/www.casadelquetzal.com\\\/the-art-and-artifacts-of-casa-del-quetzal\\\/\",\"name\":\"The Art and Artifacts of Casa del Quetzal - Casa del Quetzal - Puerto Vallarta, Mexico\",\"isPartOf\":{\"@id\":\"https:\\\/\\\/www.casadelquetzal.com\\\/#website\"},\"primaryImageOfPage\":{\"@id\":\"https:\\\/\\\/www.casadelquetzal.com\\\/the-art-and-artifacts-of-casa-del-quetzal\\\/#primaryimage\"},\"image\":{\"@id\":\"https:\\\/\\\/www.casadelquetzal.com\\\/the-art-and-artifacts-of-casa-del-quetzal\\\/#primaryimage\"},\"thumbnailUrl\":\"https:\\\/\\\/www.casadelquetzal.com\\\/wp-content\\\/uploads\\\/2012\\\/10\\\/art-icon.jpg\",\"datePublished\":\"2020-02-17T23:14:23+00:00\",\"dateModified\":\"2025-12-03T18:49:39+00:00\",\"breadcrumb\":{\"@id\":\"https:\\\/\\\/www.casadelquetzal.com\\\/the-art-and-artifacts-of-casa-del-quetzal\\\/#breadcrumb\"},\"inLanguage\":\"es\",\"potentialAction\":[{\"@type\":\"ReadAction\",\"target\":[\"https:\\\/\\\/www.casadelquetzal.com\\\/the-art-and-artifacts-of-casa-del-quetzal\\\/\"]}]},{\"@type\":\"ImageObject\",\"inLanguage\":\"es\",\"@id\":\"https:\\\/\\\/www.casadelquetzal.com\\\/the-art-and-artifacts-of-casa-del-quetzal\\\/#primaryimage\",\"url\":\"https:\\\/\\\/www.casadelquetzal.com\\\/wp-content\\\/uploads\\\/2012\\\/10\\\/art-icon.jpg\",\"contentUrl\":\"https:\\\/\\\/www.casadelquetzal.com\\\/wp-content\\\/uploads\\\/2012\\\/10\\\/art-icon.jpg\"},{\"@type\":\"BreadcrumbList\",\"@id\":\"https:\\\/\\\/www.casadelquetzal.com\\\/the-art-and-artifacts-of-casa-del-quetzal\\\/#breadcrumb\",\"itemListElement\":[{\"@type\":\"ListItem\",\"position\":1,\"name\":\"Home\",\"item\":\"https:\\\/\\\/www.casadelquetzal.com\\\/\"},{\"@type\":\"ListItem\",\"position\":2,\"name\":\"The Art and Artifacts of Casa del Quetzal\"}]},{\"@type\":\"WebSite\",\"@id\":\"https:\\\/\\\/www.casadelquetzal.com\\\/#website\",\"url\":\"https:\\\/\\\/www.casadelquetzal.com\\\/\",\"name\":\"Casa del Quetzal - Puerto Vallarta, Mexico\",\"description\":\"A beautiful hacienda style villa in Conchas Chinas - Puerto Vallarta. Available for rent.\",\"potentialAction\":[{\"@type\":\"SearchAction\",\"target\":{\"@type\":\"EntryPoint\",\"urlTemplate\":\"https:\\\/\\\/www.casadelquetzal.com\\\/?s={search_term_string}\"},\"query-input\":{\"@type\":\"PropertyValueSpecification\",\"valueRequired\":true,\"valueName\":\"search_term_string\"}}],\"inLanguage\":\"es\"}]}<\/script>\n<!-- \/ Yoast SEO plugin. -->","yoast_head_json":{"title":"The Art and Artifacts of Casa del Quetzal - Casa del Quetzal - Puerto Vallarta, Mexico","robots":{"index":"index","follow":"follow","max-snippet":"max-snippet:-1","max-image-preview":"max-image-preview:large","max-video-preview":"max-video-preview:-1"},"canonical":"https:\/\/www.casadelquetzal.com\/es\/the-art-and-artifacts-of-casa-del-quetzal\/","og_locale":"es_MX","og_type":"article","og_title":"The Art and Artifacts of Casa del Quetzal - Casa del Quetzal - Puerto Vallarta, Mexico","og_description":"Casa del Quetzal is a showcase arts and artifacts, with hand selected artisan crafts, ceramics, tiles, woven textiles and custom made furniture created by artists and artisans from all over Mexico \u2013 Puebla, Michoac\u00e1n, Tomatl\u00e1n, Jalisco, Chiapas and the Yucat\u00e1n &hellip; Continued","og_url":"https:\/\/www.casadelquetzal.com\/es\/the-art-and-artifacts-of-casa-del-quetzal\/","og_site_name":"Casa del Quetzal - Puerto Vallarta, Mexico","article_publisher":"https:\/\/www.facebook.com\/pages\/Casa-del-Quetzal\/265939076843612","article_modified_time":"2025-12-03T18:49:39+00:00","og_image":[{"width":900,"height":600,"url":"https:\/\/www.casadelquetzal.com\/wp-content\/uploads\/2012\/10\/art-icon.jpg","type":"image\/jpeg"}],"twitter_misc":{"Tiempo de lectura":"5 minutos"},"schema":{"@context":"https:\/\/schema.org","@graph":[{"@type":"WebPage","@id":"https:\/\/www.casadelquetzal.com\/the-art-and-artifacts-of-casa-del-quetzal\/","url":"https:\/\/www.casadelquetzal.com\/the-art-and-artifacts-of-casa-del-quetzal\/","name":"The Art and Artifacts of Casa del Quetzal - Casa del Quetzal - Puerto Vallarta, Mexico","isPartOf":{"@id":"https:\/\/www.casadelquetzal.com\/#website"},"primaryImageOfPage":{"@id":"https:\/\/www.casadelquetzal.com\/the-art-and-artifacts-of-casa-del-quetzal\/#primaryimage"},"image":{"@id":"https:\/\/www.casadelquetzal.com\/the-art-and-artifacts-of-casa-del-quetzal\/#primaryimage"},"thumbnailUrl":"https:\/\/www.casadelquetzal.com\/wp-content\/uploads\/2012\/10\/art-icon.jpg","datePublished":"2020-02-17T23:14:23+00:00","dateModified":"2025-12-03T18:49:39+00:00","breadcrumb":{"@id":"https:\/\/www.casadelquetzal.com\/the-art-and-artifacts-of-casa-del-quetzal\/#breadcrumb"},"inLanguage":"es","potentialAction":[{"@type":"ReadAction","target":["https:\/\/www.casadelquetzal.com\/the-art-and-artifacts-of-casa-del-quetzal\/"]}]},{"@type":"ImageObject","inLanguage":"es","@id":"https:\/\/www.casadelquetzal.com\/the-art-and-artifacts-of-casa-del-quetzal\/#primaryimage","url":"https:\/\/www.casadelquetzal.com\/wp-content\/uploads\/2012\/10\/art-icon.jpg","contentUrl":"https:\/\/www.casadelquetzal.com\/wp-content\/uploads\/2012\/10\/art-icon.jpg"},{"@type":"BreadcrumbList","@id":"https:\/\/www.casadelquetzal.com\/the-art-and-artifacts-of-casa-del-quetzal\/#breadcrumb","itemListElement":[{"@type":"ListItem","position":1,"name":"Home","item":"https:\/\/www.casadelquetzal.com\/"},{"@type":"ListItem","position":2,"name":"The Art and Artifacts of Casa del Quetzal"}]},{"@type":"WebSite","@id":"https:\/\/www.casadelquetzal.com\/#website","url":"https:\/\/www.casadelquetzal.com\/","name":"Casa del Quetzal - Puerto Vallarta, M\u00e9xico","description":"Una hermosa villa estilo hacienda en Conchas Chinas, Puerto Vallarta. Disponible para rentar.","potentialAction":[{"@type":"SearchAction","target":{"@type":"EntryPoint","urlTemplate":"https:\/\/www.casadelquetzal.com\/?s={search_term_string}"},"query-input":{"@type":"PropertyValueSpecification","valueRequired":true,"valueName":"search_term_string"}}],"inLanguage":"es"}]}},"_links":{"self":[{"href":"https:\/\/www.casadelquetzal.com\/es\/wp-json\/wp\/v2\/pages\/5112","targetHints":{"allow":["GET"]}}],"collection":[{"href":"https:\/\/www.casadelquetzal.com\/es\/wp-json\/wp\/v2\/pages"}],"about":[{"href":"https:\/\/www.casadelquetzal.com\/es\/wp-json\/wp\/v2\/types\/page"}],"author":[{"embeddable":true,"href":"https:\/\/www.casadelquetzal.com\/es\/wp-json\/wp\/v2\/users\/7"}],"replies":[{"embeddable":true,"href":"https:\/\/www.casadelquetzal.com\/es\/wp-json\/wp\/v2\/comments?post=5112"}],"version-history":[{"count":10,"href":"https:\/\/www.casadelquetzal.com\/es\/wp-json\/wp\/v2\/pages\/5112\/revisions"}],"predecessor-version":[{"id":5312,"href":"https:\/\/www.casadelquetzal.com\/es\/wp-json\/wp\/v2\/pages\/5112\/revisions\/5312"}],"wp:attachment":[{"href":"https:\/\/www.casadelquetzal.com\/es\/wp-json\/wp\/v2\/media?parent=5112"}],"curies":[{"name":"wp","href":"https:\/\/api.w.org\/{rel}","templated":true}]}}